{"id":7247,"date":"2019-01-29T18:34:25","date_gmt":"2019-01-29T18:34:25","guid":{"rendered":"http:\/\/solkes.com\/\/?page_id=3"},"modified":"2019-01-29T18:34:25","modified_gmt":"2019-01-29T18:34:25","slug":"terminos-y-condiciones","status":"publish","type":"page","link":"https:\/\/solkes.com\/de\/terminos-y-condiciones\/","title":{"rendered":"T\u00e9rminos y Condiciones"},"content":{"rendered":"<p>Estos t\u00e9rminos y condiciones de uso del portal <span style=\"color: #008080;\"><strong>www.solkes.com<\/strong><\/span> (en adelante, el &#8220;Portal&#8221;) regulan el uso que Usted puede dar como Visitante al contenido publicado en el Portal, as\u00ed como la conducta que Usted puede desarrollar durante su visita y uso del Portal. Por el solo hecho de visitar el Portal, Usted acepta estos t\u00e9rminos y condiciones y consiente en someterse a los mismos. Usted asume la responsabilidad por el uso que haga del Portal. Es su responsabilidad revisar y cumplir estos T\u00e9rminos y Condiciones de Uso peri\u00f3dicamente.<\/p>\n<p><strong><span style=\"color: #008080;\">1. Condiciones de acceso<\/span><\/strong><\/p>\n<p>El acceso al Portal por parte de los Visitantes es libre y gratuito para personas mayores de edad. En caso de ser Usted menor de edad, debe obtener con anterioridad el consentimiento de sus padres, tutores o representantes legales, quienes ser\u00e1n responsables de los actos que Usted lleve a cabo en contravenci\u00f3n a estos t\u00e9rminos y condiciones de uso del Portal. Se da por entendido que los menores de edad que accedan y usen el Portal cuentan con este consentimiento. El acceso al Portal permite acceder a toda la informaci\u00f3n publicada por Revista Solkes, por los Ciberperiodistas y a algunos blogs destacados (en adelante, el &#8220;Contenido&#8221;). El acceso a las funcionalidades de Comunidades requiere un registro previo, en las condiciones que se describen en las Condiciones de Acceso y Uso de las Comunidades.<\/p>\n<p><span style=\"color: #008080;\"><strong>2. Condiciones de Uso del Contenido P\u00fablico<\/strong><\/span><\/p>\n<p>El Contenido (que incluye o puede incluir textos, informaci\u00f3n, im\u00e1genes, fotograf\u00edas, dibujos, logos, dise\u00f1os, video, multimedia, software, aplicaciones, m\u00fasica, sonidos, entre otros, as\u00ed como su selecci\u00f3n y disposici\u00f3n), es propiedad exclusiva de Revista Solkes, sus anunciantes, o de terceros que hayan otorgado una licencia a Revista Solkes, con todos los derechos reservados. Como tal, dicho Contenido se encuentra protegido por las leyes y tratados internacionales vigentes en materia de Propiedad Intelectual. Revista Solkes confiere a Usted una licencia para visualizar el Contenido en el Portal, y para realizar una copia cach\u00e9 en su computador con dicho fin \u00fanicamente.<\/p>\n<p>Este documento puede ser impreso y almacenado por Usted.<\/p>\n<p>Aparte de lo anterior, <span style=\"color: #008080;\">Revista Solkes<\/span> no confiere a los Visitantes ninguna licencia para descargar, reproducir, copiar, enmarcar, compilar, cargar o republicar en ning\u00fan sitio de Internet, Intranet o Extranet, adaptar, modificar, transmitir, vender ni comunicar al p\u00fablico, total o parcialmente, el Contenido. Cualquiera de estas actividades requiere de la autorizaci\u00f3n previa, expresa y por escrito de <span style=\"color: #008080;\">Revista Solkes<\/span>, so pena de incurrir en violaci\u00f3n a los derechos de propiedad industrial e intelectual, y someterse a las consecuencias civiles y penales de tal hecho, as\u00ed como al derecho de <span style=\"color: #008080;\">Revista Solkes<\/span> de revocar la licencia aqu\u00ed conferida. La trasgresi\u00f3n de esta prohibici\u00f3n, dar\u00e1 lugar a la interposici\u00f3n de las acciones legales a que haya lugar. Se repudia cualquier uso indebido, ilegal o inmoral que se le d\u00e9 a EL PORTAL. La informaci\u00f3n que se suministre o ingrese para estos fines ser\u00e1 eliminada y en lo posible denunciada ante las autoridades competentes.<\/p>\n<p><strong><span style=\"color: #008080;\">3. Control Editorial<\/span><\/strong><\/p>\n<p>Nos reservamos el derecho, aunque no la obligaci\u00f3n, de monitorear todo el contenido que se publique en el PORTAL. Sin embargo, nosotros decidiremos los l\u00edmites en las piezas y si consideramos que es necesario expandiremos.<\/p>\n<p><span style=\"color: #008080;\"><strong>Contacto con el portal<\/strong><\/span><\/p>\n<p>Direcci\u00f3n: Calle 20 n\u00ba 118 &#8211; 285 Apto 513 Colombia, Bogot\u00e1 D.C.<\/p>\n<p>Tel: (+57) 3163693222<\/p>\n<p>Direcci\u00f3n: Wildenbruchstra\u00dfe 69, 12045 Berlin, Deutschland<\/p>\n<p>Tel: (+49) 017630514860<\/p>\n<p>Correo electr\u00f3nico: info@solkes.com<\/p>\n","protected":false},"excerpt":{"rendered":"<p>Estos t\u00e9rminos y condiciones de uso del portal www.solkes.com (en adelante, el &#8220;Portal&#8221;) regulan el uso que Usted puede dar como Visitante al contenido publicado en el Portal, as\u00ed como la conducta que Usted puede desarrollar durante su visita y uso del Portal. Por el solo hecho de visitar el Portal, Usted acepta estos t\u00e9rminos [&hellip;]<\/p>\n","protected":false},"author":8,"featured_media":0,"parent":0,"menu_order":0,"comment_status":"closed","ping_status":"open","template":"","meta":{"_acf_changed":false,"_exactmetrics_skip_tracking":false,"_exactmetrics_sitenote_active":false,"_exactmetrics_sitenote_note":"","_exactmetrics_sitenote_category":0,"site-sidebar-layout":"default","site-content-layout":"","ast-site-content-layout":"default","site-content-style":"default","site-sidebar-style":"default","ast-global-header-display":"","ast-banner-title-visibility":"","ast-main-header-display":"","ast-hfb-above-header-display":"","ast-hfb-below-header-display":"","ast-hfb-mobile-header-display":"","site-post-title":"","ast-breadcrumbs-content":"","ast-featured-img":"","footer-sml-layout":"","theme-transparent-header-meta":"","adv-header-id-meta":"","stick-header-meta":"","header-above-stick-meta":"","header-main-stick-meta":"","header-below-stick-meta":"","astra-migrate-meta-layouts":"default","ast-page-background-enabled":"default","ast-page-background-meta":{"desktop":{"background-color":"","background-image":"","background-repeat":"repeat","background-position":"center center","background-size":"auto","background-attachment":"scroll","background-type":"","background-media":"","overlay-type":"","overlay-color":"","overlay-opacity":"","overlay-gradient":""},"tablet":{"background-color":"","background-image":"","background-repeat":"repeat","background-position":"center center","background-size":"auto","background-attachment":"scroll","background-type":"","background-media":"","overlay-type":"","overlay-color":"","overlay-opacity":"","overlay-gradient":""},"mobile":{"background-color":"","background-image":"","background-repeat":"repeat","background-position":"center center","background-size":"auto","background-attachment":"scroll","background-type":"","background-media":"","overlay-type":"","overlay-color":"","overlay-opacity":"","overlay-gradient":""}},"ast-content-background-meta":{"desktop":{"background-color":"var(--ast-global-color-5)","background-image":"","background-repeat":"repeat","background-position":"center center","background-size":"auto","background-attachment":"scroll","background-type":"","background-media":"","overlay-type":"","overlay-color":"","overlay-opacity":"","overlay-gradient":""},"tablet":{"background-color":"var(--ast-global-color-5)","background-image":"","background-repeat":"repeat","background-position":"center center","background-size":"auto","background-attachment":"scroll","background-type":"","background-media":"","overlay-type":"","overlay-color":"","overlay-opacity":"","overlay-gradient":""},"mobile":{"background-color":"var(--ast-global-color-5)","background-image":"","background-repeat":"repeat","background-position":"center center","background-size":"auto","background-attachment":"scroll","background-type":"","background-media":"","overlay-type":"","overlay-color":"","overlay-opacity":"","overlay-gradient":""}},"footnotes":""},"class_list":["post-7247","page","type-page","status-publish","hentry"],"acf":[],"yoast_head":"<!-- This site is optimized with the Yoast SEO plugin v27.4 - https:\/\/yoast.com\/product\/yoast-seo-wordpress\/ -->\n<title>T\u00e9rminos y Condiciones - Solkes Magazine<\/title>\n<meta name=\"robots\" content=\"index, follow, max-snippet:-1, max-image-preview:large, max-video-preview:-1\" \/>\n<link rel=\"canonical\" href=\"https:\/\/solkes.com\/terminos-y-condiciones\/\" \/>\n<meta property=\"og:locale\" content=\"de_DE\" \/>\n<meta property=\"og:type\" content=\"article\" \/>\n<meta property=\"og:title\" content=\"T\u00e9rminos y Condiciones - Solkes Magazine\" \/>\n<meta property=\"og:description\" content=\"Estos t\u00e9rminos y condiciones de uso del portal www.solkes.com (en adelante, el &#8220;Portal&#8221;) regulan el uso que Usted puede dar como Visitante al contenido publicado en el Portal, as\u00ed como la conducta que Usted puede desarrollar durante su visita y uso del Portal. Por el solo hecho de visitar el Portal, Usted acepta estos t\u00e9rminos [&hellip;]\" \/>\n<meta property=\"og:url\" content=\"https:\/\/solkes.com\/terminos-y-condiciones\/\" \/>\n<meta property=\"og:site_name\" content=\"Solkes Magazine\" \/>\n<meta property=\"article:publisher\" content=\"https:\/\/www.facebook.com\/solkesmagazinee\/\" \/>\n<meta name=\"twitter:card\" content=\"summary_large_image\" \/>\n<meta name=\"twitter:label1\" content=\"Gesch\u00e4tzte Lesezeit\" \/>\n\t<meta name=\"twitter:data1\" content=\"3\u00a0Minuten\" \/>\n<script type=\"application\/ld+json\" class=\"yoast-schema-graph\">{\"@context\":\"https:\\\/\\\/schema.org\",\"@graph\":[{\"@type\":\"WebPage\",\"@id\":\"https:\\\/\\\/solkes.com\\\/terminos-y-condiciones\\\/\",\"url\":\"https:\\\/\\\/solkes.com\\\/terminos-y-condiciones\\\/\",\"name\":\"T\u00e9rminos y Condiciones - Solkes Magazine\",\"isPartOf\":{\"@id\":\"https:\\\/\\\/solkes.com\\\/#website\"},\"datePublished\":\"2019-01-29T18:34:25+00:00\",\"breadcrumb\":{\"@id\":\"https:\\\/\\\/solkes.com\\\/terminos-y-condiciones\\\/#breadcrumb\"},\"inLanguage\":\"de\",\"potentialAction\":[{\"@type\":\"ReadAction\",\"target\":[\"https:\\\/\\\/solkes.com\\\/terminos-y-condiciones\\\/\"]}]},{\"@type\":\"BreadcrumbList\",\"@id\":\"https:\\\/\\\/solkes.com\\\/terminos-y-condiciones\\\/#breadcrumb\",\"itemListElement\":[{\"@type\":\"ListItem\",\"position\":1,\"name\":\"Portada\",\"item\":\"https:\\\/\\\/solkes.com\\\/\"},{\"@type\":\"ListItem\",\"position\":2,\"name\":\"T\u00e9rminos y Condiciones\"}]},{\"@type\":\"WebSite\",\"@id\":\"https:\\\/\\\/solkes.com\\\/#website\",\"url\":\"https:\\\/\\\/solkes.com\\\/\",\"name\":\"Solkes Magazine\",\"description\":\"solkes.com\",\"publisher\":{\"@id\":\"https:\\\/\\\/solkes.com\\\/#organization\"},\"potentialAction\":[{\"@type\":\"SearchAction\",\"target\":{\"@type\":\"EntryPoint\",\"urlTemplate\":\"https:\\\/\\\/solkes.com\\\/?s={search_term_string}\"},\"query-input\":{\"@type\":\"PropertyValueSpecification\",\"valueRequired\":true,\"valueName\":\"search_term_string\"}}],\"inLanguage\":\"de\"},{\"@type\":\"Organization\",\"@id\":\"https:\\\/\\\/solkes.com\\\/#organization\",\"name\":\"Solkes Magazine\",\"url\":\"https:\\\/\\\/solkes.com\\\/\",\"logo\":{\"@type\":\"ImageObject\",\"inLanguage\":\"de\",\"@id\":\"https:\\\/\\\/solkes.com\\\/#\\\/schema\\\/logo\\\/image\\\/\",\"url\":\"https:\\\/\\\/solkes.com\\\/wp-content\\\/uploads\\\/2024\\\/09\\\/logo-SOLKES-820px-x-312px.png\",\"contentUrl\":\"https:\\\/\\\/solkes.com\\\/wp-content\\\/uploads\\\/2024\\\/09\\\/logo-SOLKES-820px-x-312px.png\",\"width\":411,\"height\":303,\"caption\":\"Solkes Magazine\"},\"image\":{\"@id\":\"https:\\\/\\\/solkes.com\\\/#\\\/schema\\\/logo\\\/image\\\/\"},\"sameAs\":[\"https:\\\/\\\/www.facebook.com\\\/solkesmagazinee\\\/\",\"https:\\\/\\\/instagram.com\\\/solkesmagazine\\\/\"]}]}<\/script>\n<!-- \/ Yoast SEO plugin. -->","yoast_head_json":{"title":"T\u00e9rminos y Condiciones - Solkes Magazine","robots":{"index":"index","follow":"follow","max-snippet":"max-snippet:-1","max-image-preview":"max-image-preview:large","max-video-preview":"max-video-preview:-1"},"canonical":"https:\/\/solkes.com\/terminos-y-condiciones\/","og_locale":"de_DE","og_type":"article","og_title":"T\u00e9rminos y Condiciones - Solkes Magazine","og_description":"Estos t\u00e9rminos y condiciones de uso del portal www.solkes.com (en adelante, el &#8220;Portal&#8221;) regulan el uso que Usted puede dar como Visitante al contenido publicado en el Portal, as\u00ed como la conducta que Usted puede desarrollar durante su visita y uso del Portal. Por el solo hecho de visitar el Portal, Usted acepta estos t\u00e9rminos [&hellip;]","og_url":"https:\/\/solkes.com\/terminos-y-condiciones\/","og_site_name":"Solkes Magazine","article_publisher":"https:\/\/www.facebook.com\/solkesmagazinee\/","twitter_card":"summary_large_image","twitter_misc":{"Gesch\u00e4tzte Lesezeit":"3\u00a0Minuten"},"schema":{"@context":"https:\/\/schema.org","@graph":[{"@type":"WebPage","@id":"https:\/\/solkes.com\/terminos-y-condiciones\/","url":"https:\/\/solkes.com\/terminos-y-condiciones\/","name":"T\u00e9rminos y Condiciones - Solkes Magazine","isPartOf":{"@id":"https:\/\/solkes.com\/#website"},"datePublished":"2019-01-29T18:34:25+00:00","breadcrumb":{"@id":"https:\/\/solkes.com\/terminos-y-condiciones\/#breadcrumb"},"inLanguage":"de","potentialAction":[{"@type":"ReadAction","target":["https:\/\/solkes.com\/terminos-y-condiciones\/"]}]},{"@type":"BreadcrumbList","@id":"https:\/\/solkes.com\/terminos-y-condiciones\/#breadcrumb","itemListElement":[{"@type":"ListItem","position":1,"name":"Portada","item":"https:\/\/solkes.com\/"},{"@type":"ListItem","position":2,"name":"T\u00e9rminos y Condiciones"}]},{"@type":"WebSite","@id":"https:\/\/solkes.com\/#website","url":"https:\/\/solkes.com\/","name":"Solkes Magazine","description":"solkes.com","publisher":{"@id":"https:\/\/solkes.com\/#organization"},"potentialAction":[{"@type":"SearchAction","target":{"@type":"EntryPoint","urlTemplate":"https:\/\/solkes.com\/?s={search_term_string}"},"query-input":{"@type":"PropertyValueSpecification","valueRequired":true,"valueName":"search_term_string"}}],"inLanguage":"de"},{"@type":"Organization","@id":"https:\/\/solkes.com\/#organization","name":"Solkes Magazine","url":"https:\/\/solkes.com\/","logo":{"@type":"ImageObject","inLanguage":"de","@id":"https:\/\/solkes.com\/#\/schema\/logo\/image\/","url":"https:\/\/solkes.com\/wp-content\/uploads\/2024\/09\/logo-SOLKES-820px-x-312px.png","contentUrl":"https:\/\/solkes.com\/wp-content\/uploads\/2024\/09\/logo-SOLKES-820px-x-312px.png","width":411,"height":303,"caption":"Solkes Magazine"},"image":{"@id":"https:\/\/solkes.com\/#\/schema\/logo\/image\/"},"sameAs":["https:\/\/www.facebook.com\/solkesmagazinee\/","https:\/\/instagram.com\/solkesmagazine\/"]}]}},"_links":{"self":[{"href":"https:\/\/solkes.com\/de\/wp-json\/wp\/v2\/pages\/7247","targetHints":{"allow":["GET"]}}],"collection":[{"href":"https:\/\/solkes.com\/de\/wp-json\/wp\/v2\/pages"}],"about":[{"href":"https:\/\/solkes.com\/de\/wp-json\/wp\/v2\/types\/page"}],"author":[{"embeddable":true,"href":"https:\/\/solkes.com\/de\/wp-json\/wp\/v2\/users\/8"}],"replies":[{"embeddable":true,"href":"https:\/\/solkes.com\/de\/wp-json\/wp\/v2\/comments?post=7247"}],"version-history":[{"count":0,"href":"https:\/\/solkes.com\/de\/wp-json\/wp\/v2\/pages\/7247\/revisions"}],"wp:attachment":[{"href":"https:\/\/solkes.com\/de\/wp-json\/wp\/v2\/media?parent=7247"}],"curies":[{"name":"wp","href":"https:\/\/api.w.org\/{rel}","templated":true}]}}