{"id":252,"date":"2019-08-08T01:36:48","date_gmt":"2019-08-08T01:36:48","guid":{"rendered":"http:\/\/solkes.com\/?page_id=252"},"modified":"2020-11-07T17:08:13","modified_gmt":"2020-11-07T15:08:13","slug":"nosotros","status":"publish","type":"page","link":"https:\/\/solkes.com\/de\/nosotros\/","title":{"rendered":"Sobre Nosotros"},"content":{"rendered":"\t\t<div data-elementor-type=\"wp-page\" data-elementor-id=\"252\" class=\"elementor elementor-252\">\n\t\t\t\t\t\t<section class=\"elementor-section elementor-top-section elementor-element elementor-element-63fe9aa elementor-section-full_width elementor-section-stretched elementor-section-height-default elementor-section-height-default\" data-id=\"63fe9aa\" data-element_type=\"section\" data-settings=\"{&quot;stretch_section&quot;:&quot;section-stretched&quot;,&quot;background_background&quot;:&quot;classic&quot;}\">\n\t\t\t\t\t\t<div class=\"elementor-container elementor-column-gap-default\">\n\t\t\t\t\t<div class=\"elementor-column elementor-col-100 elementor-top-column elementor-element elementor-element-4463d58\" data-id=\"4463d58\" data-element_type=\"column\">\n\t\t\t<div class=\"elementor-widget-wrap elementor-element-populated\">\n\t\t\t\t\t\t\t<\/div>\n\t\t<\/div>\n\t\t\t\t\t<\/div>\n\t\t<\/section>\n\t\t\t\t<section class=\"elementor-section elementor-top-section elementor-element elementor-element-01d1522 elementor-section-boxed elementor-section-height-default elementor-section-height-default\" data-id=\"01d1522\" data-element_type=\"section\">\n\t\t\t\t\t\t<div class=\"elementor-container elementor-column-gap-wider\">\n\t\t\t\t\t<div class=\"elementor-column elementor-col-33 elementor-top-column elementor-element elementor-element-c7fa5f7\" data-id=\"c7fa5f7\" data-element_type=\"column\">\n\t\t\t<div class=\"elementor-widget-wrap elementor-element-populated\">\n\t\t\t\t\t\t<div class=\"elementor-element elementor-element-7b9f24c elementor-widget elementor-widget-image\" data-id=\"7b9f24c\" data-element_type=\"widget\" data-settings=\"{&quot;sticky&quot;:&quot;top&quot;,&quot;sticky_on&quot;:[&quot;desktop&quot;],&quot;sticky_offset&quot;:20,&quot;sticky_parent&quot;:&quot;yes&quot;,&quot;sticky_effects_offset&quot;:0}\" data-widget_type=\"image.default\">\n\t\t\t\t<div class=\"elementor-widget-container\">\n\t\t\t\t\t\t\t\t\t\t\t\t\t\t\t<img fetchpriority=\"high\" decoding=\"async\" width=\"512\" height=\"379\" src=\"https:\/\/solkes.com\/wp-content\/uploads\/2020\/09\/Solkes-logo.png\" class=\"attachment-large size-large wp-image-7210\" alt=\"\" srcset=\"https:\/\/solkes.com\/wp-content\/uploads\/2020\/09\/Solkes-logo.png 512w, https:\/\/solkes.com\/wp-content\/uploads\/2020\/09\/Solkes-logo-300x222.png 300w, https:\/\/solkes.com\/wp-content\/uploads\/2020\/09\/Solkes-logo-320x237.png 320w\" sizes=\"(max-width: 512px) 100vw, 512px\" \/>\t\t\t\t\t\t\t\t\t\t\t\t\t\t\t<\/div>\n\t\t\t\t<\/div>\n\t\t\t\t\t<\/div>\n\t\t<\/div>\n\t\t\t\t<div class=\"elementor-column elementor-col-66 elementor-top-column elementor-element elementor-element-b470370\" data-id=\"b470370\" data-element_type=\"column\">\n\t\t\t<div class=\"elementor-widget-wrap elementor-element-populated\">\n\t\t\t\t\t\t<div class=\"elementor-element elementor-element-aa932be elementor-widget elementor-widget-text-editor\" data-id=\"aa932be\" data-element_type=\"widget\" data-widget_type=\"text-editor.default\">\n\t\t\t\t<div class=\"elementor-widget-container\">\n\t\t\t\t\t\t\t\t\t<p id=\"normalText\">Solkes La Revista se fund\u00f3 en el 2014 por Laura Viera Abad\u00eda, una periodista colombiana residente en Alemania desde el verano de 2010. Despu\u00e9s de escribir para otras publicaciones decidi\u00f3 que empezar su propio proyecto, crear un espacio para escribir en donde sus temas favoritos tuvieran un espacio para ser desarrollados sin censura era necesario. La revista es biling\u00fce en naturaleza ya que su fundadora lo es (Espa\u00f1ol e Ingl\u00e9s).<\/p><p id=\"normalText\">La idea detr\u00e1s de este proyecto era desarrollar un espacio donde personas de todo el mundo tuvieran la oportunidad de leer art\u00edculos interesantes; art\u00edculos que alimentaran el inter\u00e9s de personas en todas los lugares.<\/p><p id=\"normalText\">Teniendo esto en mente, el equipo editorial de Solkes esta conformado por personas que viven en diversos pa\u00edses, con distintas experiencias culturales y nacionalidades. Esto es de vital importancia dado que la multiculturalidad del equipo editorial nos permite tener diversos puntos de vista.<\/p><p>As\u00ed mismo, tener un equipo que se sienta identificado, que sienta pasi\u00f3n por escribir, por dar a conocer momentos, espacios e historias que han vivido es realmente importante para ser una publicaci\u00f3n vigente.<\/p><p id=\"normalText\">Adem\u00e1s, es importante entender que el periodismo independiente y la fotograf\u00eda son nuestros pilares. Es necesario ver y presentar el mundo por medio de diferentes visiones.<\/p><p id=\"normalText\">Somos una plataforma para las artes, comics, fotograf\u00eda, moda, an\u00e1lisis y el medio ambiente. Para poder lograr esto la revista cuenta con seis secciones: An\u00f3nimo, Dejando Huella, Nfoko, El Obturador, Urbana y X El Mundo. Nuestro lema es simple pero directo:<b id=\"blue\"> \u00a1<\/b><b id=\"blue\">Somos lo que escribimos!<\/b><\/p>\t\t\t\t\t\t\t\t<\/div>\n\t\t\t\t<\/div>\n\t\t\t\t\t<\/div>\n\t\t<\/div>\n\t\t\t\t\t<\/div>\n\t\t<\/section>\n\t\t\t\t<\/div>\n\t\t","protected":false},"excerpt":{"rendered":"<p>Solkes La Revista se fund\u00f3 en el 2014 por Laura Viera Abad\u00eda, una periodista colombiana residente en Alemania desde el verano de 2010. Despu\u00e9s de escribir para otras publicaciones decidi\u00f3 que empezar su propio proyecto, crear un espacio para escribir en donde sus temas favoritos tuvieran un espacio para ser desarrollados sin censura era necesario. [&hellip;]<\/p>\n","protected":false},"author":1,"featured_media":0,"parent":0,"menu_order":0,"comment_status":"closed","ping_status":"closed","template":"elementor_header_footer","meta":{"_acf_changed":false,"_exactmetrics_skip_tracking":false,"_exactmetrics_sitenote_active":false,"_exactmetrics_sitenote_note":"","_exactmetrics_sitenote_category":0,"site-sidebar-layout":"no-sidebar","site-content-layout":"plain-container","ast-site-content-layout":"default","site-content-style":"default","site-sidebar-style":"default","ast-global-header-display":"","ast-banner-title-visibility":"","ast-main-header-display":"","ast-hfb-above-header-display":"","ast-hfb-below-header-display":"","ast-hfb-mobile-header-display":"","site-post-title":"","ast-breadcrumbs-content":"","ast-featured-img":"","footer-sml-layout":"","theme-transparent-header-meta":"default","adv-header-id-meta":"","stick-header-meta":"","header-above-stick-meta":"","header-main-stick-meta":"","header-below-stick-meta":"","astra-migrate-meta-layouts":"default","ast-page-background-enabled":"default","ast-page-background-meta":{"desktop":{"background-color":"","background-image":"","background-repeat":"repeat","background-position":"center center","background-size":"auto","background-attachment":"scroll","background-type":"","background-media":"","overlay-type":"","overlay-color":"","overlay-opacity":"","overlay-gradient":""},"tablet":{"background-color":"","background-image":"","background-repeat":"repeat","background-position":"center center","background-size":"auto","background-attachment":"scroll","background-type":"","background-media":"","overlay-type":"","overlay-color":"","overlay-opacity":"","overlay-gradient":""},"mobile":{"background-color":"","background-image":"","background-repeat":"repeat","background-position":"center center","background-size":"auto","background-attachment":"scroll","background-type":"","background-media":"","overlay-type":"","overlay-color":"","overlay-opacity":"","overlay-gradient":""}},"ast-content-background-meta":{"desktop":{"background-color":"var(--ast-global-color-5)","background-image":"","background-repeat":"repeat","background-position":"center center","background-size":"auto","background-attachment":"scroll","background-type":"","background-media":"","overlay-type":"","overlay-color":"","overlay-opacity":"","overlay-gradient":""},"tablet":{"background-color":"var(--ast-global-color-5)","background-image":"","background-repeat":"repeat","background-position":"center center","background-size":"auto","background-attachment":"scroll","background-type":"","background-media":"","overlay-type":"","overlay-color":"","overlay-opacity":"","overlay-gradient":""},"mobile":{"background-color":"var(--ast-global-color-5)","background-image":"","background-repeat":"repeat","background-position":"center center","background-size":"auto","background-attachment":"scroll","background-type":"","background-media":"","overlay-type":"","overlay-color":"","overlay-opacity":"","overlay-gradient":""}},"footnotes":""},"class_list":["post-252","page","type-page","status-publish","hentry"],"acf":[],"yoast_head":"<!-- This site is optimized with the Yoast SEO plugin v26.8 - https:\/\/yoast.com\/product\/yoast-seo-wordpress\/ -->\n<title>Sobre Nosotros - Solkes Magazine<\/title>\n<meta name=\"robots\" content=\"index, follow, max-snippet:-1, max-image-preview:large, max-video-preview:-1\" \/>\n<link rel=\"canonical\" href=\"https:\/\/solkes.com\/nosotros\/\" \/>\n<meta property=\"og:locale\" content=\"de_DE\" \/>\n<meta property=\"og:type\" content=\"article\" \/>\n<meta property=\"og:title\" content=\"Sobre Nosotros - Solkes Magazine\" \/>\n<meta property=\"og:description\" content=\"Solkes La Revista se fund\u00f3 en el 2014 por Laura Viera Abad\u00eda, una periodista colombiana residente en Alemania desde el verano de 2010. Despu\u00e9s de escribir para otras publicaciones decidi\u00f3 que empezar su propio proyecto, crear un espacio para escribir en donde sus temas favoritos tuvieran un espacio para ser desarrollados sin censura era necesario. [&hellip;]\" \/>\n<meta property=\"og:url\" content=\"https:\/\/solkes.com\/nosotros\/\" \/>\n<meta property=\"og:site_name\" content=\"Solkes Magazine\" \/>\n<meta property=\"article:publisher\" content=\"https:\/\/www.facebook.com\/solkesmagazinee\/\" \/>\n<meta property=\"article:modified_time\" content=\"2020-11-07T15:08:13+00:00\" \/>\n<meta property=\"og:image\" content=\"https:\/\/solkes.com\/wp-content\/uploads\/2020\/09\/Solkes-logo.png\" \/>\n<meta name=\"twitter:card\" content=\"summary_large_image\" \/>\n<meta name=\"twitter:label1\" content=\"Gesch\u00e4tzte Lesezeit\" \/>\n\t<meta name=\"twitter:data1\" content=\"1\u00a0Minute\" \/>\n<script type=\"application\/ld+json\" class=\"yoast-schema-graph\">{\"@context\":\"https:\/\/schema.org\",\"@graph\":[{\"@type\":\"WebPage\",\"@id\":\"https:\/\/solkes.com\/nosotros\/\",\"url\":\"https:\/\/solkes.com\/nosotros\/\",\"name\":\"Sobre Nosotros - Solkes Magazine\",\"isPartOf\":{\"@id\":\"https:\/\/solkes.com\/#website\"},\"primaryImageOfPage\":{\"@id\":\"https:\/\/solkes.com\/nosotros\/#primaryimage\"},\"image\":{\"@id\":\"https:\/\/solkes.com\/nosotros\/#primaryimage\"},\"thumbnailUrl\":\"https:\/\/solkes.com\/wp-content\/uploads\/2020\/09\/Solkes-logo.png\",\"datePublished\":\"2019-08-08T01:36:48+00:00\",\"dateModified\":\"2020-11-07T15:08:13+00:00\",\"breadcrumb\":{\"@id\":\"https:\/\/solkes.com\/nosotros\/#breadcrumb\"},\"inLanguage\":\"de\",\"potentialAction\":[{\"@type\":\"ReadAction\",\"target\":[\"https:\/\/solkes.com\/nosotros\/\"]}]},{\"@type\":\"ImageObject\",\"inLanguage\":\"de\",\"@id\":\"https:\/\/solkes.com\/nosotros\/#primaryimage\",\"url\":\"https:\/\/solkes.com\/wp-content\/uploads\/2020\/09\/Solkes-logo.png\",\"contentUrl\":\"https:\/\/solkes.com\/wp-content\/uploads\/2020\/09\/Solkes-logo.png\"},{\"@type\":\"BreadcrumbList\",\"@id\":\"https:\/\/solkes.com\/nosotros\/#breadcrumb\",\"itemListElement\":[{\"@type\":\"ListItem\",\"position\":1,\"name\":\"Portada\",\"item\":\"https:\/\/solkes.com\/\"},{\"@type\":\"ListItem\",\"position\":2,\"name\":\"Sobre Nosotros\"}]},{\"@type\":\"WebSite\",\"@id\":\"https:\/\/solkes.com\/#website\",\"url\":\"https:\/\/solkes.com\/\",\"name\":\"Solkes Magazine\",\"description\":\"solkes.com\",\"publisher\":{\"@id\":\"https:\/\/solkes.com\/#organization\"},\"potentialAction\":[{\"@type\":\"SearchAction\",\"target\":{\"@type\":\"EntryPoint\",\"urlTemplate\":\"https:\/\/solkes.com\/?s={search_term_string}\"},\"query-input\":{\"@type\":\"PropertyValueSpecification\",\"valueRequired\":true,\"valueName\":\"search_term_string\"}}],\"inLanguage\":\"de\"},{\"@type\":\"Organization\",\"@id\":\"https:\/\/solkes.com\/#organization\",\"name\":\"Solkes Magazine\",\"url\":\"https:\/\/solkes.com\/\",\"logo\":{\"@type\":\"ImageObject\",\"inLanguage\":\"de\",\"@id\":\"https:\/\/solkes.com\/#\/schema\/logo\/image\/\",\"url\":\"https:\/\/solkes.com\/wp-content\/uploads\/2024\/09\/logo-SOLKES-820px-x-312px.png\",\"contentUrl\":\"https:\/\/solkes.com\/wp-content\/uploads\/2024\/09\/logo-SOLKES-820px-x-312px.png\",\"width\":411,\"height\":303,\"caption\":\"Solkes Magazine\"},\"image\":{\"@id\":\"https:\/\/solkes.com\/#\/schema\/logo\/image\/\"},\"sameAs\":[\"https:\/\/www.facebook.com\/solkesmagazinee\/\",\"https:\/\/instagram.com\/solkesmagazine\/\"]}]}<\/script>\n<!-- \/ Yoast SEO plugin. -->","yoast_head_json":{"title":"Sobre Nosotros - Solkes Magazine","robots":{"index":"index","follow":"follow","max-snippet":"max-snippet:-1","max-image-preview":"max-image-preview:large","max-video-preview":"max-video-preview:-1"},"canonical":"https:\/\/solkes.com\/nosotros\/","og_locale":"de_DE","og_type":"article","og_title":"Sobre Nosotros - Solkes Magazine","og_description":"Solkes La Revista se fund\u00f3 en el 2014 por Laura Viera Abad\u00eda, una periodista colombiana residente en Alemania desde el verano de 2010. Despu\u00e9s de escribir para otras publicaciones decidi\u00f3 que empezar su propio proyecto, crear un espacio para escribir en donde sus temas favoritos tuvieran un espacio para ser desarrollados sin censura era necesario. [&hellip;]","og_url":"https:\/\/solkes.com\/nosotros\/","og_site_name":"Solkes Magazine","article_publisher":"https:\/\/www.facebook.com\/solkesmagazinee\/","article_modified_time":"2020-11-07T15:08:13+00:00","og_image":[{"url":"https:\/\/solkes.com\/wp-content\/uploads\/2020\/09\/Solkes-logo.png","type":"","width":"","height":""}],"twitter_card":"summary_large_image","twitter_misc":{"Gesch\u00e4tzte Lesezeit":"1\u00a0Minute"},"schema":{"@context":"https:\/\/schema.org","@graph":[{"@type":"WebPage","@id":"https:\/\/solkes.com\/nosotros\/","url":"https:\/\/solkes.com\/nosotros\/","name":"Sobre Nosotros - Solkes Magazine","isPartOf":{"@id":"https:\/\/solkes.com\/#website"},"primaryImageOfPage":{"@id":"https:\/\/solkes.com\/nosotros\/#primaryimage"},"image":{"@id":"https:\/\/solkes.com\/nosotros\/#primaryimage"},"thumbnailUrl":"https:\/\/solkes.com\/wp-content\/uploads\/2020\/09\/Solkes-logo.png","datePublished":"2019-08-08T01:36:48+00:00","dateModified":"2020-11-07T15:08:13+00:00","breadcrumb":{"@id":"https:\/\/solkes.com\/nosotros\/#breadcrumb"},"inLanguage":"de","potentialAction":[{"@type":"ReadAction","target":["https:\/\/solkes.com\/nosotros\/"]}]},{"@type":"ImageObject","inLanguage":"de","@id":"https:\/\/solkes.com\/nosotros\/#primaryimage","url":"https:\/\/solkes.com\/wp-content\/uploads\/2020\/09\/Solkes-logo.png","contentUrl":"https:\/\/solkes.com\/wp-content\/uploads\/2020\/09\/Solkes-logo.png"},{"@type":"BreadcrumbList","@id":"https:\/\/solkes.com\/nosotros\/#breadcrumb","itemListElement":[{"@type":"ListItem","position":1,"name":"Portada","item":"https:\/\/solkes.com\/"},{"@type":"ListItem","position":2,"name":"Sobre Nosotros"}]},{"@type":"WebSite","@id":"https:\/\/solkes.com\/#website","url":"https:\/\/solkes.com\/","name":"Solkes Magazine","description":"solkes.com","publisher":{"@id":"https:\/\/solkes.com\/#organization"},"potentialAction":[{"@type":"SearchAction","target":{"@type":"EntryPoint","urlTemplate":"https:\/\/solkes.com\/?s={search_term_string}"},"query-input":{"@type":"PropertyValueSpecification","valueRequired":true,"valueName":"search_term_string"}}],"inLanguage":"de"},{"@type":"Organization","@id":"https:\/\/solkes.com\/#organization","name":"Solkes Magazine","url":"https:\/\/solkes.com\/","logo":{"@type":"ImageObject","inLanguage":"de","@id":"https:\/\/solkes.com\/#\/schema\/logo\/image\/","url":"https:\/\/solkes.com\/wp-content\/uploads\/2024\/09\/logo-SOLKES-820px-x-312px.png","contentUrl":"https:\/\/solkes.com\/wp-content\/uploads\/2024\/09\/logo-SOLKES-820px-x-312px.png","width":411,"height":303,"caption":"Solkes Magazine"},"image":{"@id":"https:\/\/solkes.com\/#\/schema\/logo\/image\/"},"sameAs":["https:\/\/www.facebook.com\/solkesmagazinee\/","https:\/\/instagram.com\/solkesmagazine\/"]}]}},"_links":{"self":[{"href":"https:\/\/solkes.com\/de\/wp-json\/wp\/v2\/pages\/252","targetHints":{"allow":["GET"]}}],"collection":[{"href":"https:\/\/solkes.com\/de\/wp-json\/wp\/v2\/pages"}],"about":[{"href":"https:\/\/solkes.com\/de\/wp-json\/wp\/v2\/types\/page"}],"author":[{"embeddable":true,"href":"https:\/\/solkes.com\/de\/wp-json\/wp\/v2\/users\/1"}],"replies":[{"embeddable":true,"href":"https:\/\/solkes.com\/de\/wp-json\/wp\/v2\/comments?post=252"}],"version-history":[{"count":9,"href":"https:\/\/solkes.com\/de\/wp-json\/wp\/v2\/pages\/252\/revisions"}],"predecessor-version":[{"id":10012,"href":"https:\/\/solkes.com\/de\/wp-json\/wp\/v2\/pages\/252\/revisions\/10012"}],"wp:attachment":[{"href":"https:\/\/solkes.com\/de\/wp-json\/wp\/v2\/media?parent=252"}],"curies":[{"name":"wp","href":"https:\/\/api.w.org\/{rel}","templated":true}]}}