{"id":250,"date":"2019-08-08T01:35:52","date_gmt":"2019-08-08T01:35:52","guid":{"rendered":"http:\/\/solkes.com\/?page_id=250"},"modified":"2019-08-08T01:35:52","modified_gmt":"2019-08-08T01:35:52","slug":"proteccion-de-datos","status":"publish","type":"page","link":"https:\/\/solkes.com\/de\/proteccion-de-datos\/","title":{"rendered":"Protecci\u00f3n de Datos"},"content":{"rendered":"<p>El portal <span style=\"color: #008080;\"><strong>www.solkes.com<\/strong><\/span> (en adelante, \u201cEL PORTAL\u201d) es de propiedad de Laura Viera Abad\u00eda (En adelante \u201cLA COMPA\u00d1\u00cdA\u201d). El uso del PORTAL es gratuito e implica la aceptaci\u00f3n t\u00e1cita de las pol\u00edticas de privacidad y condiciones de uso descritas a continuaci\u00f3n, por parte de la(s) persona(s) que accedan al mismo (en adelante \u201cEL USUARIO\u201d).<\/p>\n<p>Cualquier reproducci\u00f3n total o parcial del contenido, comentarios, links o im\u00e1genes que aqu\u00ed aparezcan est\u00e1 prohibida, as\u00ed como su traducci\u00f3n a cualquier idioma, transmisi\u00f3n, transformaci\u00f3n, inclusi\u00f3n, modificaci\u00f3n, venta, copia, publicaci\u00f3n, distribuci\u00f3n, impresi\u00f3n para comercializaci\u00f3n o cualquier otra forma onerosa o gratuita, sin autorizaci\u00f3n expresa de LA COMPA\u00d1\u00cdA. La trasgresi\u00f3n de esta prohibici\u00f3n, dar\u00e1 lugar a la interposici\u00f3n de las acciones legales a que haya lugar.<\/p>\n<p>Se repudia cualquier uso indebido, ilegal o inmoral que se le d\u00e9 a EL PORTAL. La informaci\u00f3n que se suministre o ingrese para estos fines ser\u00e1 eliminada y en lo posible denunciada ante las autoridades competentes.<\/p>\n<p><span style=\"color: #008080;\"><strong>POL\u00cdTICAS DE PRIVACIDAD PARA EL TRATAMIENTO DE DATOS PERSONALES<\/strong><\/span><\/p>\n<p>El Responsable del Tratamiento y el Encargado de los datos que sean recogidos ser\u00e1 Solkes (o LA COMPA\u00d1\u00cdA) y podr\u00e1 ser contactado por los siguientes medios:<\/p>\n<p>* Direcci\u00f3n: Wildenbruchstra\u00dfe 69, 12045 Berl\u00edn &#8211; Alemania<\/p>\n<p>* Tel\u00e9fono: +4903060947084<\/p>\n<p>* Correo electr\u00f3nico: info@solkes.com<\/p>\n<p>De existir alg\u00fan reclamo sin solucionar, se acompa\u00f1ar\u00e1n los datos personales registrados del Usuario o Cliente con la siguiente leyenda: \u201cReclamo en Tr\u00e1mite\u201d.<\/p>\n<p>Las actualizaciones, supresiones y rectificaciones pertinentes sobre los datos personales y la revocatoria de autorizaci\u00f3n de tratamiento de los datos personales podr\u00e1n realizarse por mensaje de datos al anterior correo electr\u00f3nico, se\u00f1alando:<\/p>\n<p><span style=\"color: #008080;\">1<\/span>. Dato a ser actualizado, rectificado o suprimido.<\/p>\n<p><span style=\"color: #008080;\">2<\/span>. Acreditar ser el titular del dato a ser actualizado, rectificado o suprimido.<\/p>\n<p>Tratamiento a los datos personales:<\/p>\n<p>Los datos personales que sean proporcionados por los USUARIOS, podr\u00e1n tener el siguiente tratamiento: almacenamiento y procesamiento de bases de datos, reproducci\u00f3n, copia y uso para el env\u00edo de informaci\u00f3n del bolet\u00edn de noticias del PORTAL.<\/p>\n<p>Finalidad del tratamiento:<\/p>\n<p>Los datos personales entregados por el USUARIO a LA COMPA\u00d1\u00cdA, ser\u00e1n usados para efectos de mejorar o verificar el Contenido que sea enviado por el USUARIO al PORTAL, mejorar la calidad del PORTAL, almacenarlos, medir las visitas y los usos estad\u00edsticos propios del PORTAL, verificar la identidad del USUARIO y contactarlo.<\/p>\n<p>Los datos proporcionados se almacenar\u00e1n por el t\u00e9rmino dado por la ley para almacenamiento de documentos del comerciante.<\/p>\n<p><span style=\"color: #008080;\"><strong>SEGURIDAD DE LAS BASES DE DATOS.<\/strong><\/span><\/p>\n<p>LA COMPA\u00d1\u00cdA se obliga a proteger en debida forma la base de datos creada a partir de la informaci\u00f3n de EL USUARIO, tratando con la mayor diligencia y confidencialidad, para lo cual se compromete a asumir las medidas t\u00e9cnicas y de seguridad necesarias para el aseguramiento de la informaci\u00f3n, todo esto en estricta concordancia y aplicaci\u00f3n de la Ley 1581 de 2012.<\/p>\n<p>LA COMPA\u00d1\u00cdA no se hace responsable por el uso indebido de las bases de datos por parte de terceros no autorizados, toda vez que no se garantiza que los mismos no puedan llegar a obtener la informaci\u00f3n de manera ilegal.<\/p>\n<p>Las presentes pol\u00edticas de privacidad entrar\u00e1n a regir a partir del 18 del mes de Septiembre de 2013.<\/p>\n<p><strong><span style=\"color: #008080;\">SEGURIDAD Y USO.<\/span><\/strong><\/p>\n<p>LA COMPA\u00d1\u00cdA toma las medidas posibles y que est\u00e1n a su alcance para que EL PORTAL sea un sitio seguro, sin embargo, no podemos garantizar completamente la seguridad en cuanto al manejo de datos, toda vez que el adecuado manejo de EL USUARIO es imprescindible para lograr un ambiente de seguridad de EL PORTAL, lo que implica los siguientes compromisos:a)No enviar ni publicar comunicaciones comerciales no autorizadas (como correo no deseado) a trav\u00e9s de informaci\u00f3n que pueda obtenerse directa o indirectamente de EL PORTAL.b)No recopilar informaci\u00f3n o contenido de otros usuarios, ni acceder de otro modo no autorizado a EL PORTAL utilizando medios autom\u00e1ticos sin nuestro permiso.c)No participar en pr\u00e1cticas de marketing a trav\u00e9s de EL PORTAL.d)No cargar virus ni c\u00f3digo malintencionado de ning\u00fan tipo.e)No alojar material ni cualquier tipo de contenido que por sus caracter\u00edsticas (como formato, extensi\u00f3n, etc.) puedan generar dificultades en la operaci\u00f3n del sistema de la p\u00e1gina web.f)No molestar, intimidar, ni acosar a ning\u00fan usuario.g)No publicar contenido que resulte hiriente, intimidatorio o pornogr\u00e1fico; o que incite a la violencia; o que contenga desnudos o violencia gr\u00e1fica o injustificada.h)No utilizar EL PORTAL para actos il\u00edcitos, enga\u00f1osos, malintencionados o discriminatorios.I) No hacer nada que pueda desactivar, sobrecargar o impedir el funcionamiento correcto EL PORTAL, como un ataque de denegaci\u00f3n de servicio.j)EL PORTAL utiliza cookies para facilitar la navegaci\u00f3n de sus usuarios. Si el usuario lo quiere, puede configurar el navegador para que no se instalen cookies en su computador, pero puede hacer su navegaci\u00f3n m\u00e1s lenta. k)Los dem\u00e1s contempladas en las presentes pol\u00edticas y en el c\u00f3digo de \u00e9tica<\/p>\n<p><strong><span style=\"color: #008080;\">RESPONSABILIDAD.<\/span><\/strong><\/p>\n<p>EL USUARIO accede a EL PORTAL de manera libre y bajo su iniciativa propia, siendo su responsabilidad el estricto cumplimiento de las leyes locales o internacionales aplicables, seg\u00fan el caso,. LA COMPA\u00d1IA no acepta ninguna responsabilidad por da\u00f1os y perjuicios derivada de la utilizaci\u00f3n indebida, ilegal o inmoral de los contenidos de EL PORTAL, por parte de EL USUARIO. Igualmente, LA COMPA\u00d1IA no asume ninguna responsabilidad frente a las omisiones de contenido, da\u00f1os, fallos de funcionamiento, limitaciones, errores, virus o cualquier otro problema de la informaci\u00f3n contenida en EL PORTAL. LA COMPA\u00d1IA pondr\u00e1 todo lo necesario para prevenir lo enunciado anteriormente.<\/p>\n<p>EL PORTAL puede contener enlaces de p\u00e1ginas web operadas por terceros. EL USUARIO deber\u00e1 leer las pol\u00edticas y condiciones de los sitios a los que acceda, entendiendo que LA COMPA\u00d1\u00cdA no ejerce control alguno sobre portales de terceros, por lo que \u00e9sta no se har\u00e1 responsable por los da\u00f1os y perjuicios que puedan llegar a causar dichos portales.<\/p>\n<p>El contenido de EL PORTAL es \u00fanicamente para fines informativos, promocionales y de entretenimiento. Las opiniones de EL USUARIO no corresponden necesariamente con lo representado por la COMPA\u00d1IA, por lo tanto \u00e9sta no se hace responsable de ninguna manera por los da\u00f1os, perjuicios, reclamos que resulten de las opiniones expresadas. LA COMPA\u00d1\u00cdA no se hace responsable de ninguna opini\u00f3n o contenido de cualquier clase que haga EL USUARIO.<\/p>\n<p>Los comentarios, escritos, investigaciones, reportajes y dem\u00e1s productos del trabajo de los columnistas y colaboradores de EL PORTAL, no comprometen ni vinculan bajo ninguna responsabilidad a LA COMPA\u00d1\u00cdA, toda vez que en el libre desarrollo de su profesi\u00f3n, pueden tener opiniones que no necesariamente est\u00e1n acorde a la pol\u00edtica y posici\u00f3n de LA COMPA\u00d1\u00cdA.<\/p>\n<p><strong><span style=\"color: #008080;\">C\u00d3DIGO DE \u00c9TICA.<\/span><\/strong><\/p>\n<p>EL USUARIO entiende y acepta que nada de lo suministrado por \u00e9l, en los Foros, Blogs y dem\u00e1s espacios abiertos al p\u00fablico, obliga a LA COMPA\u00d1\u00cdA, por lo que se compromete a no remitir o publicar contenido que: a) Incentive actos de vandalismo o il\u00edcitos; b) Solicite o publicite la captaci\u00f3n de dineros; c) infrinja las leyes de Pornograf\u00eda Infantil (Ley 679 de 2001 y Ley 1336 de 2009); d) Viole derecho alguno como: de Propiedad Industrial, Derechos de Autor, etc.; e) difame o insulte a cualquier persona natural o jur\u00eddica; f) invada privacidad; g) contenga obscenidad; h) contenga agresividad o amenaza; i) o cualquier otro que vaya en contra de lo moral, legal y las buenas costumbres.<\/p>\n<p><strong><span style=\"color: #008080;\">DERECHOS.<\/span><\/strong><\/p>\n<p>Todo el contenido de EL PORTAL se encuentra protegido bajo la normatividad de Derechos de Autor, Propiedad Industrial y por la Ley aplicable al caso. EL USUARIO entiende, acepta y respeta los derechos de LA COMPA\u00d1\u00cdA sobre el material, teniendo que pedir autorizaci\u00f3n expresa para la publicaci\u00f3n mediante cualquier medio.<\/p>\n<p>Todo el contenido, incluyendo las marcas, logotipos y signos distintivos que se encuentran publicados en EL PORTAL, son de propiedad de LA COMPA\u00d1IA o de los terceros que por relaci\u00f3n comercial autorizaron la inclusi\u00f3n expresa de sus marcas y dem\u00e1s. El uso indebido que genere una violaci\u00f3n sobre los derechos de propiedad ser\u00e1 denunciado ante las autoridades competentes seg\u00fan las leyes colombianas, las leyes internacionales aplicables y espec\u00edficamente seg\u00fan lo estipulado en la Ley 23 de 1982, Decisi\u00f3n 351 y Decisi\u00f3n 486 de la Comunidad Andina de Naciones (CAN).<\/p>\n<p>Los v\u00ednculos que redirijan a EL PORTAL, tendr\u00e1n que ser expresamente autorizados mediante acuerdo comercial. Igualmente, LA COMPA\u00d1\u00cdA se reserva el derecho a prohibir o cancelar todo link que no se encuentre autorizado o que al serlo, est\u00e9 incumpliendo con el fin acordado.<\/p>\n<p>Para obtener los permisos y licencias de uso de cualquier material o contenido de EL PORTAL de propiedad de LA COMPA\u00d1\u00cdA, se deber\u00e1n comunicar con los editores mediante correo electr\u00f3nico, realizar una solicitud e respuesta pertinente.<\/p>\n<p>\u00a9 2019 Copyright | Solkes | Todos los Derechos Reservados.<\/p>\n","protected":false},"excerpt":{"rendered":"<p>El portal www.solkes.com (en adelante, \u201cEL PORTAL\u201d) es de propiedad de Laura Viera Abad\u00eda (En adelante \u201cLA COMPA\u00d1\u00cdA\u201d). El uso del PORTAL es gratuito e implica la aceptaci\u00f3n t\u00e1cita de las pol\u00edticas de privacidad y condiciones de uso descritas a continuaci\u00f3n, por parte de la(s) persona(s) que accedan al mismo (en adelante \u201cEL USUARIO\u201d). Cualquier [&hellip;]<\/p>\n","protected":false},"author":8,"featured_media":0,"parent":0,"menu_order":0,"comment_status":"closed","ping_status":"closed","template":"","meta":{"_acf_changed":false,"_exactmetrics_skip_tracking":false,"_exactmetrics_sitenote_active":false,"_exactmetrics_sitenote_note":"","_exactmetrics_sitenote_category":0,"site-sidebar-layout":"default","site-content-layout":"","ast-site-content-layout":"default","site-content-style":"default","site-sidebar-style":"default","ast-global-header-display":"","ast-banner-title-visibility":"","ast-main-header-display":"","ast-hfb-above-header-display":"","ast-hfb-below-header-display":"","ast-hfb-mobile-header-display":"","site-post-title":"","ast-breadcrumbs-content":"","ast-featured-img":"","footer-sml-layout":"","theme-transparent-header-meta":"","adv-header-id-meta":"","stick-header-meta":"","header-above-stick-meta":"","header-main-stick-meta":"","header-below-stick-meta":"","astra-migrate-meta-layouts":"default","ast-page-background-enabled":"default","ast-page-background-meta":{"desktop":{"background-color":"","background-image":"","background-repeat":"repeat","background-position":"center center","background-size":"auto","background-attachment":"scroll","background-type":"","background-media":"","overlay-type":"","overlay-color":"","overlay-opacity":"","overlay-gradient":""},"tablet":{"background-color":"","background-image":"","background-repeat":"repeat","background-position":"center center","background-size":"auto","background-attachment":"scroll","background-type":"","background-media":"","overlay-type":"","overlay-color":"","overlay-opacity":"","overlay-gradient":""},"mobile":{"background-color":"","background-image":"","background-repeat":"repeat","background-position":"center center","background-size":"auto","background-attachment":"scroll","background-type":"","background-media":"","overlay-type":"","overlay-color":"","overlay-opacity":"","overlay-gradient":""}},"ast-content-background-meta":{"desktop":{"background-color":"var(--ast-global-color-5)","background-image":"","background-repeat":"repeat","background-position":"center center","background-size":"auto","background-attachment":"scroll","background-type":"","background-media":"","overlay-type":"","overlay-color":"","overlay-opacity":"","overlay-gradient":""},"tablet":{"background-color":"var(--ast-global-color-5)","background-image":"","background-repeat":"repeat","background-position":"center center","background-size":"auto","background-attachment":"scroll","background-type":"","background-media":"","overlay-type":"","overlay-color":"","overlay-opacity":"","overlay-gradient":""},"mobile":{"background-color":"var(--ast-global-color-5)","background-image":"","background-repeat":"repeat","background-position":"center center","background-size":"auto","background-attachment":"scroll","background-type":"","background-media":"","overlay-type":"","overlay-color":"","overlay-opacity":"","overlay-gradient":""}},"footnotes":""},"class_list":["post-250","page","type-page","status-publish","hentry"],"acf":[],"yoast_head":"<!-- This site is optimized with the Yoast SEO plugin v26.8 - https:\/\/yoast.com\/product\/yoast-seo-wordpress\/ -->\n<title>Protecci\u00f3n de Datos - Solkes Magazine<\/title>\n<meta name=\"robots\" content=\"index, follow, max-snippet:-1, max-image-preview:large, max-video-preview:-1\" \/>\n<link rel=\"canonical\" href=\"https:\/\/solkes.com\/proteccion-de-datos\/\" \/>\n<meta property=\"og:locale\" content=\"de_DE\" \/>\n<meta property=\"og:type\" content=\"article\" \/>\n<meta property=\"og:title\" content=\"Protecci\u00f3n de Datos - Solkes Magazine\" \/>\n<meta property=\"og:description\" content=\"El portal www.solkes.com (en adelante, \u201cEL PORTAL\u201d) es de propiedad de Laura Viera Abad\u00eda (En adelante \u201cLA COMPA\u00d1\u00cdA\u201d). El uso del PORTAL es gratuito e implica la aceptaci\u00f3n t\u00e1cita de las pol\u00edticas de privacidad y condiciones de uso descritas a continuaci\u00f3n, por parte de la(s) persona(s) que accedan al mismo (en adelante \u201cEL USUARIO\u201d). Cualquier [&hellip;]\" \/>\n<meta property=\"og:url\" content=\"https:\/\/solkes.com\/proteccion-de-datos\/\" \/>\n<meta property=\"og:site_name\" content=\"Solkes Magazine\" \/>\n<meta property=\"article:publisher\" content=\"https:\/\/www.facebook.com\/solkesmagazinee\/\" \/>\n<meta name=\"twitter:card\" content=\"summary_large_image\" \/>\n<meta name=\"twitter:label1\" content=\"Gesch\u00e4tzte Lesezeit\" \/>\n\t<meta name=\"twitter:data1\" content=\"8\u00a0Minuten\" \/>\n<script type=\"application\/ld+json\" class=\"yoast-schema-graph\">{\"@context\":\"https:\/\/schema.org\",\"@graph\":[{\"@type\":\"WebPage\",\"@id\":\"https:\/\/solkes.com\/proteccion-de-datos\/\",\"url\":\"https:\/\/solkes.com\/proteccion-de-datos\/\",\"name\":\"Protecci\u00f3n de Datos - Solkes Magazine\",\"isPartOf\":{\"@id\":\"https:\/\/solkes.com\/#website\"},\"datePublished\":\"2019-08-08T01:35:52+00:00\",\"breadcrumb\":{\"@id\":\"https:\/\/solkes.com\/proteccion-de-datos\/#breadcrumb\"},\"inLanguage\":\"de\",\"potentialAction\":[{\"@type\":\"ReadAction\",\"target\":[\"https:\/\/solkes.com\/proteccion-de-datos\/\"]}]},{\"@type\":\"BreadcrumbList\",\"@id\":\"https:\/\/solkes.com\/proteccion-de-datos\/#breadcrumb\",\"itemListElement\":[{\"@type\":\"ListItem\",\"position\":1,\"name\":\"Portada\",\"item\":\"https:\/\/solkes.com\/\"},{\"@type\":\"ListItem\",\"position\":2,\"name\":\"Protecci\u00f3n de Datos\"}]},{\"@type\":\"WebSite\",\"@id\":\"https:\/\/solkes.com\/#website\",\"url\":\"https:\/\/solkes.com\/\",\"name\":\"Solkes Magazine\",\"description\":\"solkes.com\",\"publisher\":{\"@id\":\"https:\/\/solkes.com\/#organization\"},\"potentialAction\":[{\"@type\":\"SearchAction\",\"target\":{\"@type\":\"EntryPoint\",\"urlTemplate\":\"https:\/\/solkes.com\/?s={search_term_string}\"},\"query-input\":{\"@type\":\"PropertyValueSpecification\",\"valueRequired\":true,\"valueName\":\"search_term_string\"}}],\"inLanguage\":\"de\"},{\"@type\":\"Organization\",\"@id\":\"https:\/\/solkes.com\/#organization\",\"name\":\"Solkes Magazine\",\"url\":\"https:\/\/solkes.com\/\",\"logo\":{\"@type\":\"ImageObject\",\"inLanguage\":\"de\",\"@id\":\"https:\/\/solkes.com\/#\/schema\/logo\/image\/\",\"url\":\"https:\/\/solkes.com\/wp-content\/uploads\/2024\/09\/logo-SOLKES-820px-x-312px.png\",\"contentUrl\":\"https:\/\/solkes.com\/wp-content\/uploads\/2024\/09\/logo-SOLKES-820px-x-312px.png\",\"width\":411,\"height\":303,\"caption\":\"Solkes Magazine\"},\"image\":{\"@id\":\"https:\/\/solkes.com\/#\/schema\/logo\/image\/\"},\"sameAs\":[\"https:\/\/www.facebook.com\/solkesmagazinee\/\",\"https:\/\/instagram.com\/solkesmagazine\/\"]}]}<\/script>\n<!-- \/ Yoast SEO plugin. -->","yoast_head_json":{"title":"Protecci\u00f3n de Datos - Solkes Magazine","robots":{"index":"index","follow":"follow","max-snippet":"max-snippet:-1","max-image-preview":"max-image-preview:large","max-video-preview":"max-video-preview:-1"},"canonical":"https:\/\/solkes.com\/proteccion-de-datos\/","og_locale":"de_DE","og_type":"article","og_title":"Protecci\u00f3n de Datos - Solkes Magazine","og_description":"El portal www.solkes.com (en adelante, \u201cEL PORTAL\u201d) es de propiedad de Laura Viera Abad\u00eda (En adelante \u201cLA COMPA\u00d1\u00cdA\u201d). El uso del PORTAL es gratuito e implica la aceptaci\u00f3n t\u00e1cita de las pol\u00edticas de privacidad y condiciones de uso descritas a continuaci\u00f3n, por parte de la(s) persona(s) que accedan al mismo (en adelante \u201cEL USUARIO\u201d). Cualquier [&hellip;]","og_url":"https:\/\/solkes.com\/proteccion-de-datos\/","og_site_name":"Solkes Magazine","article_publisher":"https:\/\/www.facebook.com\/solkesmagazinee\/","twitter_card":"summary_large_image","twitter_misc":{"Gesch\u00e4tzte Lesezeit":"8\u00a0Minuten"},"schema":{"@context":"https:\/\/schema.org","@graph":[{"@type":"WebPage","@id":"https:\/\/solkes.com\/proteccion-de-datos\/","url":"https:\/\/solkes.com\/proteccion-de-datos\/","name":"Protecci\u00f3n de Datos - Solkes Magazine","isPartOf":{"@id":"https:\/\/solkes.com\/#website"},"datePublished":"2019-08-08T01:35:52+00:00","breadcrumb":{"@id":"https:\/\/solkes.com\/proteccion-de-datos\/#breadcrumb"},"inLanguage":"de","potentialAction":[{"@type":"ReadAction","target":["https:\/\/solkes.com\/proteccion-de-datos\/"]}]},{"@type":"BreadcrumbList","@id":"https:\/\/solkes.com\/proteccion-de-datos\/#breadcrumb","itemListElement":[{"@type":"ListItem","position":1,"name":"Portada","item":"https:\/\/solkes.com\/"},{"@type":"ListItem","position":2,"name":"Protecci\u00f3n de Datos"}]},{"@type":"WebSite","@id":"https:\/\/solkes.com\/#website","url":"https:\/\/solkes.com\/","name":"Solkes Magazine","description":"solkes.com","publisher":{"@id":"https:\/\/solkes.com\/#organization"},"potentialAction":[{"@type":"SearchAction","target":{"@type":"EntryPoint","urlTemplate":"https:\/\/solkes.com\/?s={search_term_string}"},"query-input":{"@type":"PropertyValueSpecification","valueRequired":true,"valueName":"search_term_string"}}],"inLanguage":"de"},{"@type":"Organization","@id":"https:\/\/solkes.com\/#organization","name":"Solkes Magazine","url":"https:\/\/solkes.com\/","logo":{"@type":"ImageObject","inLanguage":"de","@id":"https:\/\/solkes.com\/#\/schema\/logo\/image\/","url":"https:\/\/solkes.com\/wp-content\/uploads\/2024\/09\/logo-SOLKES-820px-x-312px.png","contentUrl":"https:\/\/solkes.com\/wp-content\/uploads\/2024\/09\/logo-SOLKES-820px-x-312px.png","width":411,"height":303,"caption":"Solkes Magazine"},"image":{"@id":"https:\/\/solkes.com\/#\/schema\/logo\/image\/"},"sameAs":["https:\/\/www.facebook.com\/solkesmagazinee\/","https:\/\/instagram.com\/solkesmagazine\/"]}]}},"_links":{"self":[{"href":"https:\/\/solkes.com\/de\/wp-json\/wp\/v2\/pages\/250","targetHints":{"allow":["GET"]}}],"collection":[{"href":"https:\/\/solkes.com\/de\/wp-json\/wp\/v2\/pages"}],"about":[{"href":"https:\/\/solkes.com\/de\/wp-json\/wp\/v2\/types\/page"}],"author":[{"embeddable":true,"href":"https:\/\/solkes.com\/de\/wp-json\/wp\/v2\/users\/8"}],"replies":[{"embeddable":true,"href":"https:\/\/solkes.com\/de\/wp-json\/wp\/v2\/comments?post=250"}],"version-history":[{"count":0,"href":"https:\/\/solkes.com\/de\/wp-json\/wp\/v2\/pages\/250\/revisions"}],"wp:attachment":[{"href":"https:\/\/solkes.com\/de\/wp-json\/wp\/v2\/media?parent=250"}],"curies":[{"name":"wp","href":"https:\/\/api.w.org\/{rel}","templated":true}]}}